{"id":37,"date":"2025-05-08T22:08:00","date_gmt":"2025-05-08T22:08:00","guid":{"rendered":"https:\/\/magical-gauss.136-243-79-86.plesk.page\/?page_id=37"},"modified":"2025-05-10T00:22:26","modified_gmt":"2025-05-10T00:22:26","slug":"testimonios","status":"publish","type":"page","link":"https:\/\/magical-gauss.136-243-79-86.plesk.page\/?page_id=37","title":{"rendered":"Testimonios"},"content":{"rendered":"\t\t<div data-elementor-type=\"wp-page\" data-elementor-id=\"37\" class=\"elementor elementor-37\" data-elementor-post-type=\"page\">\n\t\t\t\t<div class=\"elementor-element elementor-element-031acb5 e-con-full e-flex e-con e-parent\" data-id=\"031acb5\" data-element_type=\"container\" data-settings=\"{&quot;background_background&quot;:&quot;classic&quot;}\">\n\t\t\t\t<div class=\"elementor-element elementor-element-d43604e elementor-widget elementor-widget-heading\" data-id=\"d43604e\" data-element_type=\"widget\" data-widget_type=\"heading.default\">\n\t\t\t\t<div class=\"elementor-widget-container\">\n\t\t\t\t\t<h2 class=\"elementor-heading-title elementor-size-default\">TESTIMONIOS<\/h2>\t\t\t\t<\/div>\n\t\t\t\t<\/div>\n\t\t\t\t<\/div>\n\t\t<div class=\"elementor-element elementor-element-31ed8e2 e-flex e-con-boxed e-con e-parent\" data-id=\"31ed8e2\" data-element_type=\"container\" data-settings=\"{&quot;background_background&quot;:&quot;classic&quot;}\">\n\t\t\t\t\t<div class=\"e-con-inner\">\n\t\t<div class=\"elementor-element elementor-element-47f8743 e-con-full e-flex e-con e-child\" data-id=\"47f8743\" data-element_type=\"container\">\n\t\t<div class=\"elementor-element elementor-element-1423737 e-con-full e-flex e-con e-child\" data-id=\"1423737\" data-element_type=\"container\" data-settings=\"{&quot;background_background&quot;:&quot;classic&quot;}\">\n\t\t\t\t<div class=\"elementor-element elementor-element-2d7e5dd elementor-widget elementor-widget-image\" data-id=\"2d7e5dd\" data-element_type=\"widget\" data-widget_type=\"image.default\">\n\t\t\t\t<div class=\"elementor-widget-container\">\n\t\t\t\t\t\t\t\t\t\t\t\t\t\t\t<img decoding=\"async\" src=\"https:\/\/magical-gauss.136-243-79-86.plesk.page\/wp-content\/uploads\/elementor\/thumbs\/artem-beliaikin-j5almO1E8rU-unsplash-r5ktxkd8dgqmz6ie27499sk3mhhy2usly0ysvqmuys.jpg\" title=\"artem-beliaikin-j5almO1E8rU-unsplash\" alt=\"artem-beliaikin-j5almO1E8rU-unsplash\" loading=\"lazy\" \/>\t\t\t\t\t\t\t\t\t\t\t\t\t\t\t<\/div>\n\t\t\t\t<\/div>\n\t\t\t\t<div class=\"elementor-element elementor-element-fa80954 elementor-widget elementor-widget-text-editor\" data-id=\"fa80954\" data-element_type=\"widget\" data-widget_type=\"text-editor.default\">\n\t\t\t\t<div class=\"elementor-widget-container\">\n\t\t\t\t\t\t\t\t\t<blockquote><p><span style=\"color: #ffffff;\"><strong data-start=\"216\" data-end=\"412\">\u00abDesde que renovamos el r\u00f3tulo de nuestro local, hemos notado un aumento real en el tr\u00e1fico de clientes. Se ve profesional, moderno y totalmente alineado con nuestra marca. \u00a1Recomendad\u00edsimos!\u00bb<\/strong><\/span><\/p><p><span style=\"color: #ffffff;\">\u2014 <em data-start=\"417\" data-end=\"460\">Laura Guti\u00e9rrez, due\u00f1a de Caf\u00e9 Equinoccio<\/em><\/span><\/p><p><em>\u2b50\u200b\u2b50\u200b\u2b50\u200b\u2b50\u200b\u2b50\u200b<\/em><\/p><\/blockquote>\t\t\t\t\t\t\t\t<\/div>\n\t\t\t\t<\/div>\n\t\t\t\t<\/div>\n\t\t\t\t<\/div>\n\t\t<div class=\"elementor-element elementor-element-3a82771 e-con-full e-flex e-con e-child\" data-id=\"3a82771\" data-element_type=\"container\">\n\t\t<div class=\"elementor-element elementor-element-cade1bb e-con-full e-flex e-con e-child\" data-id=\"cade1bb\" data-element_type=\"container\" data-settings=\"{&quot;background_background&quot;:&quot;classic&quot;}\">\n\t\t\t\t<div class=\"elementor-element elementor-element-d920c05 elementor-widget elementor-widget-image\" data-id=\"d920c05\" data-element_type=\"widget\" data-widget_type=\"image.default\">\n\t\t\t\t<div class=\"elementor-widget-container\">\n\t\t\t\t\t\t\t\t\t\t\t\t\t\t\t<img decoding=\"async\" src=\"https:\/\/magical-gauss.136-243-79-86.plesk.page\/wp-content\/uploads\/elementor\/thumbs\/jonas-kakaroto-KIPqvvTOC1s-unsplash-r5kuab2h0m6kcw03npe72kt1iip2f5dmd3br2rqqmc.jpg\" title=\"jonas-kakaroto-KIPqvvTOC1s-unsplash\" alt=\"jonas-kakaroto-KIPqvvTOC1s-unsplash\" loading=\"lazy\" \/>\t\t\t\t\t\t\t\t\t\t\t\t\t\t\t<\/div>\n\t\t\t\t<\/div>\n\t\t\t\t<div class=\"elementor-element elementor-element-f3b861c elementor-widget elementor-widget-text-editor\" data-id=\"f3b861c\" data-element_type=\"widget\" data-widget_type=\"text-editor.default\">\n\t\t\t\t<div class=\"elementor-widget-container\">\n\t\t\t\t\t\t\t\t\t<blockquote><p><span style=\"color: #ffffff;\"><strong data-start=\"462\" data-end=\"667\">\u00abEncargamos la rotulaci\u00f3n de nuestra flota y el resultado fue excelente. Los dise\u00f1os llaman la atenci\u00f3n en la calle y la calidad del material es evidente. Todo el proceso fue r\u00e1pido y muy profesional.\u00bb<\/strong><\/span><\/p><p><span style=\"color: #ffffff;\">\u2014 <em data-start=\"672\" data-end=\"725\">Carlos M\u00e9ndez, gerente de log\u00edstica en ServiExpress<\/em><\/span><\/p><p><em>\u2b50\u2b50\u2b50\u2b50\u2b50<\/em><\/p><\/blockquote>\t\t\t\t\t\t\t\t<\/div>\n\t\t\t\t<\/div>\n\t\t\t\t<\/div>\n\t\t\t\t<\/div>\n\t\t\t\t\t<\/div>\n\t\t\t\t<\/div>\n\t\t<div class=\"elementor-element elementor-element-e80b660 e-flex e-con-boxed e-con e-parent\" data-id=\"e80b660\" data-element_type=\"container\" data-settings=\"{&quot;background_background&quot;:&quot;classic&quot;}\">\n\t\t\t\t\t<div class=\"e-con-inner\">\n\t\t<div class=\"elementor-element elementor-element-4079444 e-con-full e-flex e-con e-child\" data-id=\"4079444\" data-element_type=\"container\">\n\t\t<div class=\"elementor-element elementor-element-99509a6 e-con-full e-flex e-con e-child\" data-id=\"99509a6\" data-element_type=\"container\" data-settings=\"{&quot;background_background&quot;:&quot;classic&quot;}\">\n\t\t\t\t<div class=\"elementor-element elementor-element-a858bee elementor-widget elementor-widget-image\" data-id=\"a858bee\" data-element_type=\"widget\" data-widget_type=\"image.default\">\n\t\t\t\t<div class=\"elementor-widget-container\">\n\t\t\t\t\t\t\t\t\t\t\t\t\t\t\t<img decoding=\"async\" src=\"https:\/\/magical-gauss.136-243-79-86.plesk.page\/wp-content\/uploads\/elementor\/thumbs\/vinicius-wiesehofer-UOavP_Z38lE-unsplash-r5ku6uzryhgpsd0bs7rfxg473nom73p1w17nq8upfo.jpg\" title=\"vinicius-wiesehofer-UOavP_Z38lE-unsplash\" alt=\"vinicius-wiesehofer-UOavP_Z38lE-unsplash\" loading=\"lazy\" \/>\t\t\t\t\t\t\t\t\t\t\t\t\t\t\t<\/div>\n\t\t\t\t<\/div>\n\t\t\t\t<div class=\"elementor-element elementor-element-262cc02 elementor-widget elementor-widget-text-editor\" data-id=\"262cc02\" data-element_type=\"widget\" data-widget_type=\"text-editor.default\">\n\t\t\t\t<div class=\"elementor-widget-container\">\n\t\t\t\t\t\t\t\t\t<blockquote><p><span style=\"color: #ffffff;\"><strong data-start=\"727\" data-end=\"943\">\u00abNecesit\u00e1bamos se\u00f1al\u00e9tica para una oficina con mucho movimiento de gente, y no solo resolvieron el dise\u00f1o y la ubicaci\u00f3n, sino que tambi\u00e9n lograron que todo encaje con nuestra est\u00e9tica. S\u00faper funcional y bonito.\u00bb<\/strong><\/span><\/p><p><br data-start=\"943\" data-end=\"946\" \/><span style=\"color: #ffffff;\">\u2014 <em data-start=\"948\" data-end=\"1004\">Ana Rivas, coordinadora de operaciones en Espacio Beta<\/em><\/span><\/p><p><span style=\"color: #ffffff;\"><em data-start=\"948\" data-end=\"1004\">\u2b50\u200b\u2b50\u200b\u2b50\u200b\u2b50\u200b\u2b50\u200b<\/em><\/span><\/p><\/blockquote>\t\t\t\t\t\t\t\t<\/div>\n\t\t\t\t<\/div>\n\t\t\t\t<\/div>\n\t\t\t\t<\/div>\n\t\t<div class=\"elementor-element elementor-element-ab7eee4 e-con-full e-flex e-con e-child\" data-id=\"ab7eee4\" data-element_type=\"container\">\n\t\t<div class=\"elementor-element elementor-element-363ce77 e-con-full e-flex e-con e-child\" data-id=\"363ce77\" data-element_type=\"container\" data-settings=\"{&quot;background_background&quot;:&quot;classic&quot;}\">\n\t\t\t\t<div class=\"elementor-element elementor-element-3cb4274 elementor-widget elementor-widget-image\" data-id=\"3cb4274\" data-element_type=\"widget\" data-widget_type=\"image.default\">\n\t\t\t\t<div class=\"elementor-widget-container\">\n\t\t\t\t\t\t\t\t\t\t\t\t\t\t\t<img decoding=\"async\" src=\"https:\/\/magical-gauss.136-243-79-86.plesk.page\/wp-content\/uploads\/elementor\/thumbs\/matoo-studio-OhM8DcFLzy8-unsplash-1-r5kut6ns9u0viykyfd5gnbbb03ng0bbjyizt1tr3no.jpg\" title=\"matoo-studio-OhM8DcFLzy8-unsplash (1)\" alt=\"matoo-studio-OhM8DcFLzy8-unsplash (1)\" loading=\"lazy\" \/>\t\t\t\t\t\t\t\t\t\t\t\t\t\t\t<\/div>\n\t\t\t\t<\/div>\n\t\t\t\t<div class=\"elementor-element elementor-element-af35314 elementor-widget elementor-widget-text-editor\" data-id=\"af35314\" data-element_type=\"widget\" data-widget_type=\"text-editor.default\">\n\t\t\t\t<div class=\"elementor-widget-container\">\n\t\t\t\t\t\t\t\t\t<blockquote><p><span style=\"color: #ffffff;\"><strong data-start=\"1006\" data-end=\"1190\">\u00abNos ayudaron desde cero con el dise\u00f1o gr\u00e1fico de nuestra marca. El logo, los colores, las aplicaciones\u2026 todo qued\u00f3 incre\u00edble. Entendieron exactamente lo que quer\u00edamos transmitir.\u00bb<\/strong><\/span><\/p><p><br data-start=\"1190\" data-end=\"1193\" \/><span style=\"color: #ffffff;\">\u2014 <em data-start=\"1195\" data-end=\"1233\">Iv\u00e1n Soto, fundador de Verde Modular<\/em><\/span><\/p><p><span style=\"color: #ffffff;\">\u2b50\u2b50\u2b50\u2b50\u2b50<\/span><\/p><\/blockquote>\t\t\t\t\t\t\t\t<\/div>\n\t\t\t\t<\/div>\n\t\t\t\t<\/div>\n\t\t\t\t<\/div>\n\t\t\t\t\t<\/div>\n\t\t\t\t<\/div>\n\t\t\t\t<\/div>\n\t\t","protected":false},"excerpt":{"rendered":"<p>TESTIMONIOS \u00abDesde que renovamos el r\u00f3tulo de nuestro local, hemos notado un aumento real en el tr\u00e1fico de clientes. Se [&hellip;]<\/p>\n","protected":false},"author":1,"featured_media":0,"parent":0,"menu_order":0,"comment_status":"closed","ping_status":"closed","template":"","meta":{"site-sidebar-layout":"no-sidebar","site-content-layout":"","ast-site-content-layout":"full-width-container","site-content-style":"default","site-sidebar-style":"default","ast-global-header-display":"","ast-banner-title-visibility":"","ast-main-header-display":"","ast-hfb-above-header-display":"","ast-hfb-below-header-display":"","ast-hfb-mobile-header-display":"","site-post-title":"disabled","ast-breadcrumbs-content":"","ast-featured-img":"disabled","footer-sml-layout":"","theme-transparent-header-meta":"","adv-header-id-meta":"","stick-header-meta":"","header-above-stick-meta":"","header-main-stick-meta":"","header-below-stick-meta":"","astra-migrate-meta-layouts":"default","ast-page-background-enabled":"default","ast-page-background-meta":{"desktop":{"background-color":"var(--ast-global-color-5)","background-image":"","background-repeat":"repeat","background-position":"center center","background-size":"auto","background-attachment":"scroll","background-type":"","background-media":"","overlay-type":"","overlay-color":"","overlay-opacity":"","overlay-gradient":""},"tablet":{"background-color":"","background-image":"","background-repeat":"repeat","background-position":"center center","background-size":"auto","background-attachment":"scroll","background-type":"","background-media":"","overlay-type":"","overlay-color":"","overlay-opacity":"","overlay-gradient":""},"mobile":{"background-color":"","background-image":"","background-repeat":"repeat","background-position":"center center","background-size":"auto","background-attachment":"scroll","background-type":"","background-media":"","overlay-type":"","overlay-color":"","overlay-opacity":"","overlay-gradient":""}},"ast-content-background-meta":{"desktop":{"background-color":"var(--ast-global-color-4)","background-image":"","background-repeat":"repeat","background-position":"center center","background-size":"auto","background-attachment":"scroll","background-type":"","background-media":"","overlay-type":"","overlay-color":"","overlay-opacity":"","overlay-gradient":""},"tablet":{"background-color":"var(--ast-global-color-4)","background-image":"","background-repeat":"repeat","background-position":"center center","background-size":"auto","background-attachment":"scroll","background-type":"","background-media":"","overlay-type":"","overlay-color":"","overlay-opacity":"","overlay-gradient":""},"mobile":{"background-color":"var(--ast-global-color-4)","background-image":"","background-repeat":"repeat","background-position":"center center","background-size":"auto","background-attachment":"scroll","background-type":"","background-media":"","overlay-type":"","overlay-color":"","overlay-opacity":"","overlay-gradient":""}},"footnotes":""},"class_list":["post-37","page","type-page","status-publish","hentry"],"_links":{"self":[{"href":"https:\/\/magical-gauss.136-243-79-86.plesk.page\/index.php?rest_route=\/wp\/v2\/pages\/37","targetHints":{"allow":["GET"]}}],"collection":[{"href":"https:\/\/magical-gauss.136-243-79-86.plesk.page\/index.php?rest_route=\/wp\/v2\/pages"}],"about":[{"href":"https:\/\/magical-gauss.136-243-79-86.plesk.page\/index.php?rest_route=\/wp\/v2\/types\/page"}],"author":[{"embeddable":true,"href":"https:\/\/magical-gauss.136-243-79-86.plesk.page\/index.php?rest_route=\/wp\/v2\/users\/1"}],"replies":[{"embeddable":true,"href":"https:\/\/magical-gauss.136-243-79-86.plesk.page\/index.php?rest_route=%2Fwp%2Fv2%2Fcomments&post=37"}],"version-history":[{"count":31,"href":"https:\/\/magical-gauss.136-243-79-86.plesk.page\/index.php?rest_route=\/wp\/v2\/pages\/37\/revisions"}],"predecessor-version":[{"id":126,"href":"https:\/\/magical-gauss.136-243-79-86.plesk.page\/index.php?rest_route=\/wp\/v2\/pages\/37\/revisions\/126"}],"wp:attachment":[{"href":"https:\/\/magical-gauss.136-243-79-86.plesk.page\/index.php?rest_route=%2Fwp%2Fv2%2Fmedia&parent=37"}],"curies":[{"name":"wp","href":"https:\/\/api.w.org\/{rel}","templated":true}]}}